{"id":53,"date":"2019-05-23T02:47:50","date_gmt":"2019-05-23T02:47:50","guid":{"rendered":"https:\/\/worshiproom.ro\/index.php\/about\/"},"modified":"2025-09-08T19:47:36","modified_gmt":"2025-09-08T19:47:36","slug":"about","status":"publish","type":"page","link":"https:\/\/worshiproom.ro\/index.php\/about\/","title":{"rendered":"Despre"},"content":{"rendered":"<!--themify_builder_content-->\n<div id=\"themify_builder_content-53\" data-postid=\"53\" class=\"themify_builder_content themify_builder_content-53 themify_builder tf_clear\">\n                    <div  data-css_id=\"h9v6331\" data-lazy=\"1\" class=\"module_row themify_builder_row fullwidth_row_container tb_h9v6331 tb_first tf_w\" data-tbfullwidthvideo=\"https:\/\/worshiproom.ro\/wp-content\/uploads\/2025\/09\/Worship-Room-2.mp4\">\n                        <div class=\"row_inner col_align_middle tb_col_count_2 tf_box tf_rel\">\n                        <div  data-lazy=\"1\" class=\"module_column tb-column col4-2 tb_o0b2333 first\">\n                    <!-- module text -->\n<div  class=\"module module-text tb_ye2u334   \" data-lazy=\"1\">\n        <div  class=\"tb_text_wrap\">\n        <h1>Despre noi<\/h1>    <\/div>\n<\/div>\n<!-- \/module text -->        <\/div>\n                    <div  data-lazy=\"1\" class=\"module_column tb-column col4-2 tb_oozv337 last\">\n                    <!-- module text -->\n<div  class=\"module module-text tb_jls3826   \" data-lazy=\"1\">\n        <div  class=\"tb_text_wrap\">\n        <h3>Cine suntem<\/h3>\n<p>Worship Room este o comunitate de muzicieni \u0219i \u00eenchin\u0103tori pasiona\u021bi, care cred c\u0103 muzica este mai mult dec\u00e2t art\u0103 \u2013 este o chemare de a-L glorifica pe Dumnezeu. Ne-am unit pentru a crea un spa\u021biu unde fiecare poate cre\u0219te spiritual \u0219i muzical, descoperindu-\u0219i chemarea \u0219i tr\u0103ind o \u00eenchinare autentic\u0103.<\/p>    <\/div>\n<\/div>\n<!-- \/module text -->        <\/div>\n                        <\/div>\n        <\/div>\n                        <div  data-lazy=\"1\" class=\"module_row themify_builder_row tb_zfn8268 tf_w\">\n                        <div class=\"row_inner col_align_top tb_col_count_1 tf_box tf_rel\">\n                        <div  data-lazy=\"1\" class=\"module_column tb-column col-full tb_34v3270 first\">\n                            <div  data-lazy=\"1\" class=\"module_subrow themify_builder_sub_row tf_w col_align_middle tb_col_count_2 tb_r0p7671\">\n                <div  data-lazy=\"1\" class=\"module_column sub_column tb_ove1673 first\">\n                    <!-- module text -->\n<div  class=\"module module-text tb_a191678   \" data-lazy=\"1\">\n        <div  class=\"tb_text_wrap\">\n        <h2>Misiunea noastr\u0103<\/h2>    <\/div>\n<\/div>\n<!-- \/module text -->        <\/div>\n                    <div  data-lazy=\"1\" class=\"module_column sub_column tb_ey6i673 last\">\n                    <!-- module text -->\n<div  class=\"module module-text tb_rxc9271   \" data-lazy=\"1\">\n        <div  class=\"tb_text_wrap\">\n        <p>Misiunea noastr\u0103 este s\u0103 inspir\u0103m \u0219i s\u0103 echip\u0103m muzicieni cre\u0219tini, cultiv\u00e2nd intimitatea cu Dumnezeu \u0219i form\u00e2nd o genera\u021bie de \u00eenchin\u0103tori autentici.<\/p>    <\/div>\n<\/div>\n<!-- \/module text -->        <\/div>\n                    <\/div>\n                <div  data-lazy=\"1\" class=\"module_subrow themify_builder_sub_row tf_w col_align_middle tb_col_count_2 tb_6ywa437\">\n                <div  data-lazy=\"1\" class=\"module_column sub_column tb_m57a438 first\">\n                    <!-- module text -->\n<div  class=\"module module-text tb_itb2459   \" data-lazy=\"1\">\n        <div  class=\"tb_text_wrap\">\n        <p>Viziunea noastr\u0103 este s\u0103 form\u0103m o genera\u021bie de \u00eenchin\u0103tori autentici, care \u00cel caut\u0103 pe Dumnezeu cu pasiune \u0219i \u00cel glorific\u0103 prin via\u021ba \u0219i darurile lor. Ne dorim ca prin muzic\u0103, mentorare \u0219i comunitate s\u0103 cultiv\u0103m intimitatea cu Dumnezeu \u0219i s\u0103 cre\u0103m un spa\u021biu unde prezen\u021ba Lui transform\u0103 inimi \u0219i ridic\u0103 vie\u021bi.<\/p>    <\/div>\n<\/div>\n<!-- \/module text -->        <\/div>\n                    <div  data-lazy=\"1\" class=\"module_column sub_column tb_f37b439 last\">\n                    <!-- module text -->\n<div  class=\"module module-text tb_9dfo439   \" data-lazy=\"1\">\n        <div  class=\"tb_text_wrap\">\n        <h2>Viziunea noastr\u0103<\/h2>    <\/div>\n<\/div>\n<!-- \/module text -->        <\/div>\n                    <\/div>\n                <\/div>\n                        <\/div>\n        <\/div>\n                        <div  data-lazy=\"1\" class=\"module_row themify_builder_row tb_s3vw466 tf_w\">\n                        <div class=\"row_inner col_align_top tb_col_count_1 tf_box tf_rel\">\n                        <div  data-lazy=\"1\" class=\"module_column tb-column col-full tb_2dph466 first\">\n                    <!-- module image -->\n<div  class=\"module module-image tb_i9fn122 image-center   tf_mw\" data-lazy=\"1\">\n        <div class=\"image-wrap tf_rel tf_mw\">\n            <img loading=\"lazy\" decoding=\"async\" src=\"https:\/\/worshiproom.ro\/wp-content\/uploads\/2025\/09\/WORSHIP-ROOM_logo-1024x723-500x353.png\" width=\"500\" height=\"353\" class=\"wp-post-image wp-image-87\" title=\"WORSHIP ROOM_logo\" alt=\"WORSHIP ROOM_logo\" srcset=\"https:\/\/worshiproom.ro\/wp-content\/uploads\/2025\/09\/WORSHIP-ROOM_logo-1024x723-500x353.png 500w, https:\/\/worshiproom.ro\/wp-content\/uploads\/2025\/09\/WORSHIP-ROOM_logo-1024x723-300x211.png 300w, https:\/\/worshiproom.ro\/wp-content\/uploads\/2025\/09\/WORSHIP-ROOM_logo-1024x723.png 1024w, https:\/\/worshiproom.ro\/wp-content\/uploads\/2025\/09\/WORSHIP-ROOM_logo-768x542.png 768w, https:\/\/worshiproom.ro\/wp-content\/uploads\/2025\/09\/WORSHIP-ROOM_logo.png 1235w\" sizes=\"auto, (max-width: 500px) 100vw, 500px\" \/>    \n        <\/div>\n    <!-- \/image-wrap -->\n    \n        <\/div>\n<!-- \/module image -->        <\/div>\n                        <\/div>\n        <\/div>\n                        <div  data-css_id=\"l7w6252\" data-lazy=\"1\" class=\"module_row themify_builder_row fullwidth_row_container tb_l7w6252 tf_w\">\n            <span class=\"tb_row_frame_wrap tf_overflow tf_abs\" data-lazy=\"1\"><span class=\"tb_row_frame tb_row_frame_bottom  tf_abs tf_hide tf_overflow tf_w\"><\/span><\/span>            <div class=\"row_inner col_align_top tb_col_count_1 tf_box tf_rel\">\n                        <div  data-lazy=\"1\" class=\"module_column tb-column col-full tb_wuub253 first\">\n                    <!-- module fancy heading -->\n<div  class=\"module module-fancy-heading tb_uexg254 \" data-lazy=\"1\">\n        <h2 class=\"fancy-heading tf_textc\">\n    <span class=\"main-head tf_block\">\n                    Marius Pop            <\/span>\n\n    \n    <span class=\"sub-head tf_block tf_rel\">\n                                <\/span>\n    <\/h2>\n<\/div>\n<!-- \/module fancy heading -->\n<!-- module text -->\n<div  class=\"module module-text tb_jx52124   \" data-lazy=\"1\">\n        <div  class=\"tb_text_wrap\">\n        <h6>este ini\u021biatorul proiectului Worship Room \u2014 un spa\u021biu dedicat \u00eenchin\u0103rii autentice, creat pentru a inspira o nou\u0103 genera\u021bie s\u0103-L caute pe Dumnezeu cu pasiune \u0219i reveren\u021b\u0103.<\/h6>    <\/div>\n<\/div>\n<!-- \/module text -->        <div  data-lazy=\"1\" class=\"module_subrow themify_builder_sub_row tf_w col_align_top gutter-none tb_col_count_2 tb_lob1256\">\n                <div  data-lazy=\"1\" class=\"module_column sub_column tb_oi6b257 first\">\n                    <!-- module image -->\n<div  class=\"module module-image tb_yc6u258 image-top   auto_fullwidth tf_mw\" data-lazy=\"1\">\n        <div class=\"image-wrap tf_rel tf_mw\">\n            <img loading=\"lazy\" decoding=\"async\" src=\"https:\/\/worshiproom.ro\/wp-content\/uploads\/2025\/09\/WhatsApp-Image-2025-09-02-at-19.26.21-1-682x1024-580x870.jpeg\" width=\"580\" height=\"870\" class=\"wp-post-image wp-image-107\" title=\"WhatsApp Image 2025-09-02 at 19.26.21 (1)\" alt=\"WhatsApp Image 2025-09-02 at 19.26.21 (1)\" srcset=\"https:\/\/worshiproom.ro\/wp-content\/uploads\/2025\/09\/WhatsApp-Image-2025-09-02-at-19.26.21-1-682x1024-580x870.jpeg 580w, https:\/\/worshiproom.ro\/wp-content\/uploads\/2025\/09\/WhatsApp-Image-2025-09-02-at-19.26.21-1-200x300.jpeg 200w, https:\/\/worshiproom.ro\/wp-content\/uploads\/2025\/09\/WhatsApp-Image-2025-09-02-at-19.26.21-1-682x1024.jpeg 682w, https:\/\/worshiproom.ro\/wp-content\/uploads\/2025\/09\/WhatsApp-Image-2025-09-02-at-19.26.21-1-768x1153.jpeg 768w, https:\/\/worshiproom.ro\/wp-content\/uploads\/2025\/09\/WhatsApp-Image-2025-09-02-at-19.26.21-1-1023x1536.jpeg 1023w, https:\/\/worshiproom.ro\/wp-content\/uploads\/2025\/09\/WhatsApp-Image-2025-09-02-at-19.26.21-1.jpeg 1066w\" sizes=\"auto, (max-width: 580px) 100vw, 580px\" \/>    \n        <\/div>\n    <!-- \/image-wrap -->\n    \n        <\/div>\n<!-- \/module image -->        <\/div>\n                    <div  data-lazy=\"1\" class=\"module_column sub_column tb_yzs5258 last\">\n                    <!-- module text -->\n<div  class=\"module module-text tb_gj8x259   \" data-lazy=\"1\">\n        <div  class=\"tb_text_wrap\">\n        <h3>Marius Pop<\/h3>\n<p>Cu o dragoste profund\u0103 pentru Dumnezeu \u0219i o viziune pentru genera\u021bia t\u00e2n\u0103r\u0103, Marius are pe inim\u0103 transmiterea valorilor spirituale din laud\u0103 \u0219i \u00eenchinare. \u00cen spate st\u0103 o experien\u021b\u0103 acumulat\u0103 \u00een peste 20 de ani de slujire ca lider de \u00eenchinare, produc\u0103tor muzical \u0219i profesor de pian.<br>Este absolvent al St. Paul Academy din Budapesta, unde a ob\u021binut titlul de Master \u00een Teologie (MA Theology), dar \u0219i al Academiei de Muzic\u0103 \u201eGheorghe Dima\u201d din Cluj-Napoca, unde \u0219i-a format temelia academic\u0103 \u00een muzic\u0103.<br>\u00cempreun\u0103 cu so\u021bia sa Raluca au 2 copii: Andreas \u0219i Alisa.<br>Prin Worship Room, Marius Pop continu\u0103 s\u0103 investeasc\u0103 \u00een genera\u021bia prezent\u0103 \u0219i viitoare, oferind nu doar muzic\u0103 de calitate, ci \u0219i un spa\u021biu de \u00eent\u00e2lnire cu Dumnezeu.<\/p>    <\/div>\n<\/div>\n<!-- \/module text --><!-- module icon -->\n<div  class=\"module module-icon tb_6wge259  large  icon_horizontal \" data-lazy=\"1\">\n\t\t\t<div class=\"module-icon-item\">\n\t\t\t\t\t\t\t\t\t\t\t\t\t\t\t\t<em class=\"tf_box\"\n\t\t\t\t\t\t\t\t\t\t\t\t\t\t\t\t\t><svg  class=\"tf_fa tf-ti-mobile\" aria-hidden=\"true\"><use href=\"#tf-ti-mobile\"><\/use><\/svg><\/em>\n\t\t\t\t\t\t\t\t\t\t\t\t\t\t\t\t\t\t\t<span>+40 723 425 958<\/span>\n\t\t\t\t\t\t\t\t\t\t\t\t\t\t\t<\/div>\n\t<\/div>\n<!-- \/module icon -->\n<!-- module icon -->\n<div  class=\"module module-icon tb_6iu1260  large  icon_horizontal \" data-lazy=\"1\">\n\t\t\t<div class=\"module-icon-item\">\n\t\t\t\t\t\t\t\t\t\t\t\t\t\t\t\t<em class=\"tf_box\"\n\t\t\t\t\t\t\t\t\t\t\t\t\t\t\t\t\t><svg  class=\"tf_fa tf-ti-email\" aria-hidden=\"true\"><use href=\"#tf-ti-email\"><\/use><\/svg><\/em>\n\t\t\t\t\t\t\t\t\t\t\t\t\t\t\t\t\t\t\t<span>marius_bpm@me.com<\/span>\n\t\t\t\t\t\t\t\t\t\t\t\t\t\t\t<\/div>\n\t<\/div>\n<!-- \/module icon -->\n        <\/div>\n                    <\/div>\n                <\/div>\n                        <\/div>\n        <\/div>\n        <\/div>\n<!--\/themify_builder_content-->","protected":false},"excerpt":{"rendered":"<p>Despre noi<\/p>\n","protected":false},"author":1,"featured_media":0,"parent":0,"menu_order":0,"comment_status":"closed","ping_status":"closed","template":"","meta":{"footnotes":""},"class_list":["post-53","page","type-page","status-publish","hentry","has-post-title","has-post-date","has-post-category","has-post-tag","has-post-comment","has-post-author",""],"builder_content":"<h1>Despre noi<\/h1>\n<h3>Cine suntem<\/h3> <p>Worship Room este o comunitate de muzicieni \u0219i \u00eenchin\u0103tori pasiona\u021bi, care cred c\u0103 muzica este mai mult dec\u00e2t art\u0103 \u2013 este o chemare de a-L glorifica pe Dumnezeu. Ne-am unit pentru a crea un spa\u021biu unde fiecare poate cre\u0219te spiritual \u0219i muzical, descoperindu-\u0219i chemarea \u0219i tr\u0103ind o \u00eenchinare autentic\u0103.<\/p>\n<h2>Misiunea noastr\u0103<\/h2>\n<p>Misiunea noastr\u0103 este s\u0103 inspir\u0103m \u0219i s\u0103 echip\u0103m muzicieni cre\u0219tini, cultiv\u00e2nd intimitatea cu Dumnezeu \u0219i form\u00e2nd o genera\u021bie de \u00eenchin\u0103tori autentici.<\/p>\n<p>Viziunea noastr\u0103 este s\u0103 form\u0103m o genera\u021bie de \u00eenchin\u0103tori autentici, care \u00cel caut\u0103 pe Dumnezeu cu pasiune \u0219i \u00cel glorific\u0103 prin via\u021ba \u0219i darurile lor. Ne dorim ca prin muzic\u0103, mentorare \u0219i comunitate s\u0103 cultiv\u0103m intimitatea cu Dumnezeu \u0219i s\u0103 cre\u0103m un spa\u021biu unde prezen\u021ba Lui transform\u0103 inimi \u0219i ridic\u0103 vie\u021bi.<\/p>\n<h2>Viziunea noastr\u0103<\/h2>\n<img src=\"https:\/\/worshiproom.ro\/wp-content\/uploads\/2025\/09\/WORSHIP-ROOM_logo-1024x723-500x353.png\" width=\"500\" height=\"353\" title=\"WORSHIP ROOM_logo\" alt=\"WORSHIP ROOM_logo\" srcset=\"https:\/\/worshiproom.ro\/wp-content\/uploads\/2025\/09\/WORSHIP-ROOM_logo-1024x723-500x353.png 500w, https:\/\/worshiproom.ro\/wp-content\/uploads\/2025\/09\/WORSHIP-ROOM_logo-1024x723-300x211.png 300w, https:\/\/worshiproom.ro\/wp-content\/uploads\/2025\/09\/WORSHIP-ROOM_logo-1024x723.png 1024w, https:\/\/worshiproom.ro\/wp-content\/uploads\/2025\/09\/WORSHIP-ROOM_logo-768x542.png 768w, https:\/\/worshiproom.ro\/wp-content\/uploads\/2025\/09\/WORSHIP-ROOM_logo.png 1235w\" sizes=\"(max-width: 500px) 100vw, 500px\" \/>\n<h2>Marius Pop<br\/><\/h2>\n<h6>este ini\u021biatorul proiectului Worship Room \u2014 un spa\u021biu dedicat \u00eenchin\u0103rii autentice, creat pentru a inspira o nou\u0103 genera\u021bie s\u0103-L caute pe Dumnezeu cu pasiune \u0219i reveren\u021b\u0103.<\/h6>\n<img src=\"https:\/\/worshiproom.ro\/wp-content\/uploads\/2025\/09\/WhatsApp-Image-2025-09-02-at-19.26.21-1-682x1024-580x870.jpeg\" width=\"580\" height=\"870\" title=\"WhatsApp Image 2025-09-02 at 19.26.21 (1)\" alt=\"WhatsApp Image 2025-09-02 at 19.26.21 (1)\" srcset=\"https:\/\/worshiproom.ro\/wp-content\/uploads\/2025\/09\/WhatsApp-Image-2025-09-02-at-19.26.21-1-682x1024-580x870.jpeg 580w, https:\/\/worshiproom.ro\/wp-content\/uploads\/2025\/09\/WhatsApp-Image-2025-09-02-at-19.26.21-1-200x300.jpeg 200w, https:\/\/worshiproom.ro\/wp-content\/uploads\/2025\/09\/WhatsApp-Image-2025-09-02-at-19.26.21-1-682x1024.jpeg 682w, https:\/\/worshiproom.ro\/wp-content\/uploads\/2025\/09\/WhatsApp-Image-2025-09-02-at-19.26.21-1-768x1153.jpeg 768w, https:\/\/worshiproom.ro\/wp-content\/uploads\/2025\/09\/WhatsApp-Image-2025-09-02-at-19.26.21-1-1023x1536.jpeg 1023w, https:\/\/worshiproom.ro\/wp-content\/uploads\/2025\/09\/WhatsApp-Image-2025-09-02-at-19.26.21-1.jpeg 1066w\" sizes=\"(max-width: 580px) 100vw, 580px\" \/>\n<h3>Marius Pop<\/h3> <p>Cu o dragoste profund\u0103 pentru Dumnezeu \u0219i o viziune pentru genera\u021bia t\u00e2n\u0103r\u0103, Marius are pe inim\u0103 transmiterea valorilor spirituale din laud\u0103 \u0219i \u00eenchinare. \u00cen spate st\u0103 o experien\u021b\u0103 acumulat\u0103 \u00een peste 20 de ani de slujire ca lider de \u00eenchinare, produc\u0103tor muzical \u0219i profesor de pian.<br>Este absolvent al St. Paul Academy din Budapesta, unde a ob\u021binut titlul de Master \u00een Teologie (MA Theology), dar \u0219i al Academiei de Muzic\u0103 \u201eGheorghe Dima\u201d din Cluj-Napoca, unde \u0219i-a format temelia academic\u0103 \u00een muzic\u0103.<br>\u00cempreun\u0103 cu so\u021bia sa Raluca au 2 copii: Andreas \u0219i Alisa.<br>Prin Worship Room, Marius Pop continu\u0103 s\u0103 investeasc\u0103 \u00een genera\u021bia prezent\u0103 \u0219i viitoare, oferind nu doar muzic\u0103 de calitate, ci \u0219i un spa\u021biu de \u00eent\u00e2lnire cu Dumnezeu.<\/p>\n<em ><svg aria-hidden=\"true\"><use href=\"#tf-ti-mobile\"><\/use><\/svg><\/em> +40 723 425 958\n<em ><svg aria-hidden=\"true\"><use href=\"#tf-ti-email\"><\/use><\/svg><\/em> marius_bpm@me.com","_links":{"self":[{"href":"https:\/\/worshiproom.ro\/index.php\/wp-json\/wp\/v2\/pages\/53","targetHints":{"allow":["GET"]}}],"collection":[{"href":"https:\/\/worshiproom.ro\/index.php\/wp-json\/wp\/v2\/pages"}],"about":[{"href":"https:\/\/worshiproom.ro\/index.php\/wp-json\/wp\/v2\/types\/page"}],"author":[{"embeddable":true,"href":"https:\/\/worshiproom.ro\/index.php\/wp-json\/wp\/v2\/users\/1"}],"replies":[{"embeddable":true,"href":"https:\/\/worshiproom.ro\/index.php\/wp-json\/wp\/v2\/comments?post=53"}],"version-history":[{"count":30,"href":"https:\/\/worshiproom.ro\/index.php\/wp-json\/wp\/v2\/pages\/53\/revisions"}],"predecessor-version":[{"id":382,"href":"https:\/\/worshiproom.ro\/index.php\/wp-json\/wp\/v2\/pages\/53\/revisions\/382"}],"wp:attachment":[{"href":"https:\/\/worshiproom.ro\/index.php\/wp-json\/wp\/v2\/media?parent=53"}],"curies":[{"name":"wp","href":"https:\/\/api.w.org\/{rel}","templated":true}]}}