{"id":51,"date":"2019-05-23T07:44:12","date_gmt":"2019-05-23T07:44:12","guid":{"rendered":"https:\/\/worshiproom.ro\/index.php\/contact\/"},"modified":"2025-09-11T20:52:31","modified_gmt":"2025-09-11T20:52:31","slug":"contact","status":"publish","type":"page","link":"https:\/\/worshiproom.ro\/index.php\/contact\/","title":{"rendered":"Contact"},"content":{"rendered":"<!--themify_builder_content-->\n<div id=\"themify_builder_content-51\" data-postid=\"51\" class=\"themify_builder_content themify_builder_content-51 themify_builder tf_clear\">\n                    <div  data-lazy=\"1\" class=\"module_row themify_builder_row tb_tuup399 tb_first tf_w\">\n                        <div class=\"row_inner col_align_top tb_col_count_1 tf_box tf_rel\">\n                        <div  data-lazy=\"1\" class=\"module_column tb-column col-full tb_at54404 first\">\n                    <!-- module fancy heading -->\n<div  class=\"module module-fancy-heading tb_eh0z98 \" data-lazy=\"1\">\n        <h2 class=\"fancy-heading tf_textc\">\n    <span class=\"main-head tf_block\">\n                    Cum putem ajuta?            <\/span>\n\n    \n    <span class=\"sub-head tf_block tf_rel\">\n                                <\/span>\n    <\/h2>\n<\/div>\n<!-- \/module fancy heading -->\n<!-- module text -->\n<div  class=\"module module-text tb_1g25843   \" data-lazy=\"1\">\n        <div  class=\"tb_text_wrap\">\n        <h6 class=\"p1\">La Worship Room credem c\u0103 fiecare are un rol \u00een a construi \u00eempreun\u0103 o genera\u021bie de \u00eenchin\u0103tori autentici. Putem ajuta prin rug\u0103ciune, implicare voluntar\u0103, sprijin financiar sau prin a spune altora despre ceea ce facem. Fiecare gest de sus\u021binere conteaz\u0103 \u0219i aduce rod \u00een vie\u021bile celor care particip\u0103 la evenimente, ateliere \u0219i \u00eent\u00e2lniri. \u00cempreun\u0103 putem face ca muzica \u0219i \u00eenchinarea s\u0103 fie un spa\u021biu de \u00eent\u00e2lnire real\u0103 cu Dumnezeu.<\/h6>    <\/div>\n<\/div>\n<!-- \/module text -->        <\/div>\n                        <\/div>\n        <\/div>\n                        <div  data-lazy=\"1\" class=\"module_row themify_builder_row tb_ihxh351 tf_w\">\n            <span class=\"tb_row_frame_wrap tf_overflow tf_abs\" data-lazy=\"1\"><span class=\"tb_row_frame tb_row_frame_top  tf_abs tf_hide tf_overflow tf_w\"><\/span><\/span>            <div class=\"row_inner col_align_top tb_col_count_1 tf_box tf_rel\">\n                        <div  data-lazy=\"1\" class=\"module_column tb-column col-full tb_9ash356 first\">\n                            <div  data-lazy=\"1\" class=\"module_subrow themify_builder_sub_row tf_w col_align_top gutter-none tb_col_count_2 tb_o6ao564\">\n                <div  data-lazy=\"1\" class=\"module_column sub_column tb_9kto565 first\">\n                    <!-- module fancy heading -->\n<div  class=\"module module-fancy-heading tb_ts7l306 \" data-lazy=\"1\">\n        <h2 class=\"fancy-heading tf_textc\">\n    <span class=\"main-head tf_block\">\n                    Contact            <\/span>\n\n    \n    <span class=\"sub-head tf_block tf_rel\">\n                                <\/span>\n    <\/h2>\n<\/div>\n<!-- \/module fancy heading -->\n<!-- module text -->\n<div  class=\"module module-text tb_s9ry596   \" data-lazy=\"1\">\n        <div  class=\"tb_text_wrap\">\n        <h3>Ai \u00eentreb\u0103ri sau vrei s\u0103 afli mai multe? Scrie-ne \u0219i vom fi bucuro\u0219i s\u0103 \u00ee\u021bi r\u0103spundem!<\/h3>    <\/div>\n<\/div>\n<!-- \/module text --><!-- module contact -->\n<div  id=\"tb_wyek801\" class=\"module module-contact tb_wyek801 contact-animated-label \" data-lazy=\"1\">\n    \n\t<form class=\"builder-contact\"\n\t\tid=\"tb_wyek801-form\"\n\t\tmethod=\"post\"\n\t\tdata-post-id=\"51\"\n\t\tdata-element-id=\"wyek801\"\n\t\tdata-orig-id=\"51\"\n\t>\n    <div class=\"contact-message\"><\/div>\n\t<input type=\"hidden\" id=\"bc_nonce\" name=\"bc_nonce\" value=\"8ffc6613d1\" \/><input type=\"hidden\" name=\"_wp_http_referer\" value=\"\/index.php\/wp-json\/wp\/v2\/pages\/51\" \/>\t<div class=\"builder-contact-fields tf_rel\">\n\t\t    \t\t    <div class=\"builder-contact-field builder-contact-field-name builder-contact-text-field\">\n\t\t\t    <label class=\"control-label\" for=\"tb_wyek801-contact-name\">\n\t\t\t\t\t\t\t\t\t\t<span class=\"tb-label-span\">Nume <\/span><span class=\"required\">*<\/span>\t\t\t\t<\/label>\n\t\t\t    <div class=\"control-input tf_rel\">\n\t\t\t\t    \t\t\t\t\t    <input type=\"text\" name=\"contact-name\" placeholder=\" \" id=\"tb_wyek801-contact-name\" value=\"\" class=\"form-control\" required>\n\t\t\t\t    \t\t\t\t    \t\t\t\t\t    <span class=\"tb_contact_label\">\n\t\t\t\t\t\t    <span class=\"tb-label-span\">Nume <\/span><span class=\"required\">*<\/span>\t\t\t\t\t    <\/span>\n\t\t\t\t    \t\t\t    <\/div>\n\t\t<\/div>\n\t    \n\t\t    \t\t    <div class=\"builder-contact-field builder-contact-field-email builder-contact-text-field\">\n\t\t\t    <label class=\"control-label\" for=\"tb_wyek801-contact-email\">\n\t\t\t\t\t\t\t\t\t\t<span class=\"tb-label-span\">Email <\/span><span class=\"required\">*<\/span>\t\t\t\t<\/label>\n\t\t\t    <div class=\"control-input tf_rel\">\n\t\t\t\t    \t\t\t\t\t    <input type=\"email\" name=\"contact-email\" placeholder=\" \" id=\"tb_wyek801-contact-email\" value=\"\" class=\"form-control\" required>\n\t\t\t\t    \t\t\t\t    \t\t\t\t\t    <span class=\"tb_contact_label\">\n\t\t\t\t\t\t    <span class=\"tb-label-span\">Email <\/span><span class=\"required\">*<\/span>\t\t\t\t\t    <\/span>\n\t\t\t\t    \t\t\t    <\/div>\n\t\t<\/div>\n\t    \n\t\t    \t\t    <div class=\"builder-contact-field builder-contact-field-subject builder-contact-text-field\">\n\t\t\t    <label class=\"control-label\" for=\"tb_wyek801-contact-subject\">\n\t\t\t\t\t\t\t\t\t\t<span class=\"tb-label-span\">Subiect <\/span><span class=\"required\">*<\/span>\t\t\t\t<\/label>\n\t\t\t    <div class=\"control-input tf_rel\">\n\t\t\t\t    \t\t\t\t\t    <input type=\"text\" name=\"contact-subject\" placeholder=\" \" id=\"tb_wyek801-contact-subject\" value=\"\" class=\"form-control\" required>\n\t\t\t\t    \t\t\t\t    \t\t\t\t\t    <span class=\"tb_contact_label\">\n\t\t\t\t\t\t    <span class=\"tb-label-span\">Subiect <\/span><span class=\"required\">*<\/span>\t\t\t\t\t    <\/span>\n\t\t\t\t    \t\t\t    <\/div>\n\t\t<\/div>\n\t    \n\t\t    \t\t    <div class=\"builder-contact-field builder-contact-field-message builder-contact-textarea-field\">\n\t\t\t    <label class=\"control-label\" for=\"tb_wyek801-contact-message\">\n\t\t\t\t\t\t\t\t\t\t<span class=\"tb-label-span\">Mesaj <\/span>\t\t\t\t<\/label>\n\t\t\t    <div class=\"control-input tf_rel\">\n\t\t\t\t    \t\t\t\t\t    <textarea name=\"contact-message\" placeholder=\" \" id=\"tb_wyek801-contact-message\" class=\"form-control\"><\/textarea>\n\t\t\t\t    \t\t\t\t    \t\t\t\t\t    <span class=\"tb_contact_label\">\n\t\t\t\t\t\t    <span class=\"tb-label-span\">Mesaj <\/span>\t\t\t\t\t    <\/span>\n\t\t\t\t    \t\t\t    <\/div>\n\t\t<\/div>\n\t    \n\t\t    \t\t\n\t\t\n\t    \n\t    <div class=\"builder-contact-field builder-contact-field-send control-input tf_textl tf_clear tf_rel\">\n\t\t\t<button type=\"submit\" class=\"btn btn-primary\">\n\t\t\t\t<span class=\"tf_loader\"><\/span>\t\t\t\t<span class=\"tf_submit_icon\"><\/span> \n\t\t\t\tTrimite\t\t\t<\/button>\n\t    <\/div>\n\t<\/div>\n    <\/form>\n    <\/div>\n<!-- \/module contact -->\n        <\/div>\n                    <div  data-lazy=\"1\" class=\"module_column sub_column tb_civk566 last\">\n                    <!-- module text -->\n<div  class=\"module module-text tb_w5he426   \" data-lazy=\"1\">\n        <div  class=\"tb_text_wrap\">\n        <h2>Follow\u00a0 Us<\/h2>    <\/div>\n<\/div>\n<!-- \/module text --><!-- module icon -->\n<div  class=\"module module-icon tb_s73n755  xlarge  icon_vertical \" data-lazy=\"1\">\n\t\t\t<div class=\"module-icon-item\">\n\t\t\t\t\t\t\t\t\t\t\t\t\t\t\t\t<em class=\"tf_box\"\n\t\t\t\t\t\t\t\t\t\t\t\t\t\t\t\t\t><svg  class=\"tf_fa tf-ti-mobile\" aria-hidden=\"true\"><use href=\"#tf-ti-mobile\"><\/use><\/svg><\/em>\n\t\t\t\t\t\t\t\t\t\t\t\t\t\t\t\t\t\t\t<span>+40 723 425 958<\/span>\n\t\t\t\t\t\t\t\t\t\t\t\t\t\t\t<\/div>\n\t\t\t<div class=\"module-icon-item\">\n\t\t\t\t\t\t\t\t\t\t\t\t\t\t\t\t<em class=\"tf_box\"\n\t\t\t\t\t\t\t\t\t\t\t\t\t\t\t\t\t><svg  class=\"tf_fa tf-ti-email\" aria-hidden=\"true\"><use href=\"#tf-ti-email\"><\/use><\/svg><\/em>\n\t\t\t\t\t\t\t\t\t\t\t\t\t\t\t\t\t\t\t<span>contact@worshiproom.ro<\/span>\n\t\t\t\t\t\t\t\t\t\t\t\t\t\t\t<\/div>\n\t\t\t<div class=\"module-icon-item\">\n\t\t\t\t\t\t\t<a href=\"https:\/\/www.facebook.com\/profile.php?id=61580254067350&amp;sk=about\">\n\t\t\t\t\t\t\t\t\t\t\t\t\t\t\t\t\t<em class=\"tf_box\"\n\t\t\t\t\t\t\t\t\t\t\t\t\t\t\t\t\t><svg  class=\"tf_fa tf-ti-facebook\" aria-hidden=\"true\"><use href=\"#tf-ti-facebook\"><\/use><\/svg><\/em>\n\t\t\t\t\t\t\t\t\t\t\t\t\t\t\t\t\t\t\t<span>worshiproom<\/span>\n\t\t\t\t\t\t\t\t\t\t\t\t\t\t\t\t\t<\/a>\n\t\t\t\t\t<\/div>\n\t\t\t<div class=\"module-icon-item\">\n\t\t\t\t\t\t\t<a href=\"https:\/\/www.instagram.com\/worshiproom_ro\/\">\n\t\t\t\t\t\t\t\t\t\t\t\t\t\t\t\t\t<em class=\"tf_box\"\n\t\t\t\t\t\t\t\t\t\t\t\t\t\t\t\t\t><svg  class=\"tf_fa tf-ti-instagram\" aria-hidden=\"true\"><use href=\"#tf-ti-instagram\"><\/use><\/svg><\/em>\n\t\t\t\t\t\t\t\t\t\t\t\t\t\t\t\t\t\t\t<span>worshiproom<\/span>\n\t\t\t\t\t\t\t\t\t\t\t\t\t\t\t\t\t<\/a>\n\t\t\t\t\t<\/div>\n\t<\/div>\n<!-- \/module icon -->\n        <\/div>\n                    <\/div>\n                <\/div>\n                        <\/div>\n        <\/div>\n        <\/div>\n<!--\/themify_builder_content-->","protected":false},"excerpt":{"rendered":"<p>La Worship Room credem c\u0103 fiecare are un rol \u00een a construi \u00eempreun\u0103 o genera\u021bie de \u00eenchin\u0103tori autentici. Putem ajuta prin rug\u0103ciune, implicare voluntar\u0103, sprijin financiar sau prin a spune altora despre ceea ce facem. Fiecare gest de sus\u021binere conteaz\u0103 \u0219i aduce rod \u00een vie\u021bile celor care particip\u0103 la evenimente, ateliere \u0219i \u00eent\u00e2lniri. \u00cempreun\u0103 putem [&hellip;]<\/p>\n","protected":false},"author":1,"featured_media":0,"parent":0,"menu_order":0,"comment_status":"closed","ping_status":"closed","template":"","meta":{"footnotes":""},"class_list":["post-51","page","type-page","status-publish","hentry","has-post-title","has-post-date","has-post-category","has-post-tag","has-post-comment","has-post-author",""],"builder_content":"<h2>Cum putem ajuta?<br\/><\/h2>\n<h6>La Worship Room credem c\u0103 fiecare are un rol \u00een a construi \u00eempreun\u0103 o genera\u021bie de \u00eenchin\u0103tori autentici. Putem ajuta prin rug\u0103ciune, implicare voluntar\u0103, sprijin financiar sau prin a spune altora despre ceea ce facem. Fiecare gest de sus\u021binere conteaz\u0103 \u0219i aduce rod \u00een vie\u021bile celor care particip\u0103 la evenimente, ateliere \u0219i \u00eent\u00e2lniri. \u00cempreun\u0103 putem face ca muzica \u0219i \u00eenchinarea s\u0103 fie un spa\u021biu de \u00eent\u00e2lnire real\u0103 cu Dumnezeu.<\/h6>\n<h2>Contact<br\/><\/h2>\n<h3>Ai \u00eentreb\u0103ri sau vrei s\u0103 afli mai multe? Scrie-ne \u0219i vom fi bucuro\u0219i s\u0103 \u00ee\u021bi r\u0103spundem!<\/h3>\n<form id=\"tb_wyek801-form\" method=\"post\" data-post-id=\"0\" data-element-id=\"wyek801\" data-orig-id=\"51\" > <input type=\"hidden\" id=\"bc_nonce\" name=\"bc_nonce\" value=\"8ffc6613d1\" \/><input type=\"hidden\" name=\"_wp_http_referer\" value=\"\/index.php\/wp-json\/wp\/v2\/pages\/51\" \/> <label for=\"tb_wyek801-contact-name\"> Nume * <\/label> <input type=\"text\" name=\"contact-name\" placeholder=\" \" id=\"tb_wyek801-contact-name\" value=\"\" required> Nume * <label for=\"tb_wyek801-contact-email\"> Email * <\/label> <input type=\"email\" name=\"contact-email\" placeholder=\" \" id=\"tb_wyek801-contact-email\" value=\"\" required> Email * <label for=\"tb_wyek801-contact-subject\"> Subiect * <\/label> <input type=\"text\" name=\"contact-subject\" placeholder=\" \" id=\"tb_wyek801-contact-subject\" value=\"\" required> Subiect * <label for=\"tb_wyek801-contact-message\"> Mesaj <\/label> <textarea name=\"contact-message\" placeholder=\" \" id=\"tb_wyek801-contact-message\"><\/textarea> Mesaj <button type=\"submit\"> Trimite <\/button> <\/form>\n<h2>Follow\u00a0 Us<\/h2>\n<em ><svg aria-hidden=\"true\"><use href=\"#tf-ti-mobile\"><\/use><\/svg><\/em> +40 723 425 958 <em ><svg aria-hidden=\"true\"><use href=\"#tf-ti-email\"><\/use><\/svg><\/em> contact@worshiproom.ro <a href=\"https:\/\/www.facebook.com\/profile.php?id=61580254067350&amp;sk=about\"> <em ><svg aria-hidden=\"true\"><use href=\"#tf-ti-facebook\"><\/use><\/svg><\/em> worshiproom <\/a> <a href=\"https:\/\/www.instagram.com\/worshiproom_ro\/\"> <em ><svg aria-hidden=\"true\"><use href=\"#tf-ti-instagram\"><\/use><\/svg><\/em> worshiproom <\/a>","_links":{"self":[{"href":"https:\/\/worshiproom.ro\/index.php\/wp-json\/wp\/v2\/pages\/51","targetHints":{"allow":["GET"]}}],"collection":[{"href":"https:\/\/worshiproom.ro\/index.php\/wp-json\/wp\/v2\/pages"}],"about":[{"href":"https:\/\/worshiproom.ro\/index.php\/wp-json\/wp\/v2\/types\/page"}],"author":[{"embeddable":true,"href":"https:\/\/worshiproom.ro\/index.php\/wp-json\/wp\/v2\/users\/1"}],"replies":[{"embeddable":true,"href":"https:\/\/worshiproom.ro\/index.php\/wp-json\/wp\/v2\/comments?post=51"}],"version-history":[{"count":10,"href":"https:\/\/worshiproom.ro\/index.php\/wp-json\/wp\/v2\/pages\/51\/revisions"}],"predecessor-version":[{"id":422,"href":"https:\/\/worshiproom.ro\/index.php\/wp-json\/wp\/v2\/pages\/51\/revisions\/422"}],"wp:attachment":[{"href":"https:\/\/worshiproom.ro\/index.php\/wp-json\/wp\/v2\/media?parent=51"}],"curies":[{"name":"wp","href":"https:\/\/api.w.org\/{rel}","templated":true}]}}